{"id":305,"date":"2022-09-13T03:49:39","date_gmt":"2022-09-13T03:49:39","guid":{"rendered":"https:\/\/catherineartiste.com\/?page_id=305"},"modified":"2022-09-20T21:44:27","modified_gmt":"2022-09-20T21:44:27","slug":"a-propos","status":"publish","type":"page","link":"https:\/\/catherineartiste.com\/index.php\/a-propos\/","title":{"rendered":"\u00c0 Propos"},"content":{"rendered":"\t\t<div data-elementor-type=\"wp-page\" data-elementor-id=\"305\" class=\"elementor elementor-305\" data-elementor-post-type=\"page\">\n\t\t\t\t\t\t<section class=\"elementor-section elementor-top-section elementor-element elementor-element-7f5fd8b elementor-section-boxed elementor-section-height-default elementor-section-height-default\" data-id=\"7f5fd8b\" data-element_type=\"section\">\n\t\t\t\t\t\t<div class=\"elementor-container elementor-column-gap-default\">\n\t\t\t\t\t<div class=\"elementor-column elementor-col-100 elementor-top-column elementor-element elementor-element-a92665c\" data-id=\"a92665c\" data-element_type=\"column\">\n\t\t\t<div class=\"elementor-widget-wrap elementor-element-populated\">\n\t\t\t\t\t\t<div class=\"elementor-element elementor-element-7ad8211 elementor-widget elementor-widget-spacer\" data-id=\"7ad8211\" data-element_type=\"widget\" data-widget_type=\"spacer.default\">\n\t\t\t\t<div class=\"elementor-widget-container\">\n\t\t\t\t\t\t\t<div class=\"elementor-spacer\">\n\t\t\t<div class=\"elementor-spacer-inner\"><\/div>\n\t\t<\/div>\n\t\t\t\t\t\t<\/div>\n\t\t\t\t<\/div>\n\t\t\t\t\t<\/div>\n\t\t<\/div>\n\t\t\t\t\t<\/div>\n\t\t<\/section>\n\t\t\t\t<section class=\"elementor-section elementor-top-section elementor-element elementor-element-3ebb066 elementor-section-boxed elementor-section-height-default elementor-section-height-default\" data-id=\"3ebb066\" data-element_type=\"section\">\n\t\t\t\t\t\t<div class=\"elementor-container elementor-column-gap-default\">\n\t\t\t\t\t<div class=\"elementor-column elementor-col-100 elementor-top-column elementor-element elementor-element-4792151\" data-id=\"4792151\" data-element_type=\"column\">\n\t\t\t<div class=\"elementor-widget-wrap elementor-element-populated\">\n\t\t\t\t\t\t<div class=\"elementor-element elementor-element-3b59343 elementor-widget elementor-widget-heading\" data-id=\"3b59343\" data-element_type=\"widget\" data-widget_type=\"heading.default\">\n\t\t\t\t<div class=\"elementor-widget-container\">\n\t\t\t\t\t<h1 class=\"elementor-heading-title elementor-size-xxl\">\u00c0 Propos<\/h1>\t\t\t\t<\/div>\n\t\t\t\t<\/div>\n\t\t\t\t\t<\/div>\n\t\t<\/div>\n\t\t\t\t\t<\/div>\n\t\t<\/section>\n\t\t\t\t<section class=\"elementor-section elementor-top-section elementor-element elementor-element-ae52de3 elementor-section-boxed elementor-section-height-default elementor-section-height-default\" data-id=\"ae52de3\" data-element_type=\"section\">\n\t\t\t\t\t\t<div class=\"elementor-container elementor-column-gap-default\">\n\t\t\t\t\t<div class=\"elementor-column elementor-col-100 elementor-top-column elementor-element elementor-element-47cf95a\" data-id=\"47cf95a\" data-element_type=\"column\">\n\t\t\t<div class=\"elementor-widget-wrap elementor-element-populated\">\n\t\t\t\t\t\t<div class=\"elementor-element elementor-element-5c09b8f elementor-widget elementor-widget-spacer\" data-id=\"5c09b8f\" data-element_type=\"widget\" data-widget_type=\"spacer.default\">\n\t\t\t\t<div class=\"elementor-widget-container\">\n\t\t\t\t\t\t\t<div class=\"elementor-spacer\">\n\t\t\t<div class=\"elementor-spacer-inner\"><\/div>\n\t\t<\/div>\n\t\t\t\t\t\t<\/div>\n\t\t\t\t<\/div>\n\t\t\t\t\t<\/div>\n\t\t<\/div>\n\t\t\t\t\t<\/div>\n\t\t<\/section>\n\t\t\t\t<section class=\"elementor-section elementor-top-section elementor-element elementor-element-70b759f elementor-section-boxed elementor-section-height-default elementor-section-height-default\" data-id=\"70b759f\" data-element_type=\"section\">\n\t\t\t\t\t\t<div class=\"elementor-container elementor-column-gap-default\">\n\t\t\t\t\t<div class=\"elementor-column elementor-col-100 elementor-top-column elementor-element elementor-element-0dacd11\" data-id=\"0dacd11\" data-element_type=\"column\">\n\t\t\t<div class=\"elementor-widget-wrap\">\n\t\t\t\t\t\t\t<\/div>\n\t\t<\/div>\n\t\t\t\t\t<\/div>\n\t\t<\/section>\n\t\t\t\t<section class=\"elementor-section elementor-top-section elementor-element elementor-element-5030429 elementor-section-boxed elementor-section-height-default elementor-section-height-default\" data-id=\"5030429\" data-element_type=\"section\">\n\t\t\t\t\t\t<div class=\"elementor-container elementor-column-gap-default\">\n\t\t\t\t\t<div class=\"elementor-column elementor-col-100 elementor-top-column elementor-element elementor-element-09ae3d9\" data-id=\"09ae3d9\" data-element_type=\"column\">\n\t\t\t<div class=\"elementor-widget-wrap elementor-element-populated\">\n\t\t\t\t\t\t<div class=\"elementor-element elementor-element-22a807b elementor-widget elementor-widget-heading\" data-id=\"22a807b\" data-element_type=\"widget\" data-widget_type=\"heading.default\">\n\t\t\t\t<div class=\"elementor-widget-container\">\n\t\t\t\t\t<h2 class=\"elementor-heading-title elementor-size-xl\">L'artiste<\/h2>\t\t\t\t<\/div>\n\t\t\t\t<\/div>\n\t\t\t\t<div class=\"elementor-element elementor-element-988c5f1 elementor-widget elementor-widget-spacer\" data-id=\"988c5f1\" data-element_type=\"widget\" data-widget_type=\"spacer.default\">\n\t\t\t\t<div class=\"elementor-widget-container\">\n\t\t\t\t\t\t\t<div class=\"elementor-spacer\">\n\t\t\t<div class=\"elementor-spacer-inner\"><\/div>\n\t\t<\/div>\n\t\t\t\t\t\t<\/div>\n\t\t\t\t<\/div>\n\t\t\t\t\t<\/div>\n\t\t<\/div>\n\t\t\t\t\t<\/div>\n\t\t<\/section>\n\t\t\t\t<section class=\"elementor-section elementor-top-section elementor-element elementor-element-1a5b97b elementor-section-boxed elementor-section-height-default elementor-section-height-default\" data-id=\"1a5b97b\" data-element_type=\"section\">\n\t\t\t\t\t\t<div class=\"elementor-container elementor-column-gap-default\">\n\t\t\t\t\t<div class=\"elementor-column elementor-col-50 elementor-top-column elementor-element elementor-element-6c3db36\" data-id=\"6c3db36\" data-element_type=\"column\">\n\t\t\t<div class=\"elementor-widget-wrap elementor-element-populated\">\n\t\t\t\t\t\t<div class=\"elementor-element elementor-element-09f904c elementor-widget elementor-widget-image\" data-id=\"09f904c\" data-element_type=\"widget\" data-widget_type=\"image.default\">\n\t\t\t\t<div class=\"elementor-widget-container\">\n\t\t\t\t\t\t\t\t\t\t\t\t\t\t\t<img fetchpriority=\"high\" decoding=\"async\" width=\"768\" height=\"1024\" src=\"https:\/\/catherineartiste.com\/wp-content\/uploads\/2022\/09\/Catherine-artiste-peintre-lors-du-symposium-Racine-au-Coeur-des-Arts-768x1024.jpg\" class=\"attachment-large size-large wp-image-552\" alt=\"Catherine Dumais artiste peintre\" srcset=\"https:\/\/catherineartiste.com\/wp-content\/uploads\/2022\/09\/Catherine-artiste-peintre-lors-du-symposium-Racine-au-Coeur-des-Arts-768x1024.jpg 768w, https:\/\/catherineartiste.com\/wp-content\/uploads\/2022\/09\/Catherine-artiste-peintre-lors-du-symposium-Racine-au-Coeur-des-Arts-225x300.jpg 225w, https:\/\/catherineartiste.com\/wp-content\/uploads\/2022\/09\/Catherine-artiste-peintre-lors-du-symposium-Racine-au-Coeur-des-Arts-1152x1536.jpg 1152w, https:\/\/catherineartiste.com\/wp-content\/uploads\/2022\/09\/Catherine-artiste-peintre-lors-du-symposium-Racine-au-Coeur-des-Arts-1536x2048.jpg 1536w, https:\/\/catherineartiste.com\/wp-content\/uploads\/2022\/09\/Catherine-artiste-peintre-lors-du-symposium-Racine-au-Coeur-des-Arts-scaled.jpg 1920w\" sizes=\"(max-width: 768px) 100vw, 768px\" \/>\t\t\t\t\t\t\t\t\t\t\t\t\t\t\t<\/div>\n\t\t\t\t<\/div>\n\t\t\t\t\t<\/div>\n\t\t<\/div>\n\t\t\t\t<div class=\"elementor-column elementor-col-50 elementor-top-column elementor-element elementor-element-8ea8ecc\" data-id=\"8ea8ecc\" data-element_type=\"column\">\n\t\t\t<div class=\"elementor-widget-wrap elementor-element-populated\">\n\t\t\t\t\t\t<div class=\"elementor-element elementor-element-dca6351 elementor-widget elementor-widget-text-editor\" data-id=\"dca6351\" data-element_type=\"widget\" data-widget_type=\"text-editor.default\">\n\t\t\t\t<div class=\"elementor-widget-container\">\n\t\t\t\t\t\t\t\t\tCatherine a vu le jour le 11 d\u00e9cembre 1996 au Saguenay, o\u00f9 elle r\u00e9side toujours. Appr\u00e9ciant les arts depuis toute petite, c&rsquo;est vers l&rsquo;\u00e2ge de 8 ans qu&rsquo;elle fait ses premiers pas vers la peinture acrylique, guid\u00e9e par la chaleureuse et talentueuse artiste Lise Pilote. Catherine a suivi des cours aupr\u00e8s d&rsquo;elle pendant environ 4 ans. Elle a, par la suite, poursuivi son apprentissage en toute intimit\u00e9e avec ses pinceaux, se nourissant parfois d&rsquo;astuces et conseils de quelques artistes via divers r\u00e9seaux sociaux. Particuli\u00e8rement influenc\u00e9e par la vie animale et la culture geek, cette artiste s&rsquo;enfonce peu \u00e0 peu dans un processus de personnalisation une oeuvre \u00e0 la fois, port\u00e9e par le courant de ses inspirations du moment.\t\t\t\t\t\t\t\t<\/div>\n\t\t\t\t<\/div>\n\t\t\t\t\t<\/div>\n\t\t<\/div>\n\t\t\t\t\t<\/div>\n\t\t<\/section>\n\t\t\t\t<section class=\"elementor-section elementor-top-section elementor-element elementor-element-48cf91f elementor-section-boxed elementor-section-height-default elementor-section-height-default\" data-id=\"48cf91f\" data-element_type=\"section\">\n\t\t\t\t\t\t<div class=\"elementor-container elementor-column-gap-default\">\n\t\t\t\t\t<div class=\"elementor-column elementor-col-100 elementor-top-column elementor-element elementor-element-4fb6880\" data-id=\"4fb6880\" data-element_type=\"column\">\n\t\t\t<div class=\"elementor-widget-wrap elementor-element-populated\">\n\t\t\t\t\t\t<div class=\"elementor-element elementor-element-e5b16e9 elementor-hidden-mobile elementor-widget elementor-widget-spacer\" data-id=\"e5b16e9\" data-element_type=\"widget\" data-widget_type=\"spacer.default\">\n\t\t\t\t<div class=\"elementor-widget-container\">\n\t\t\t\t\t\t\t<div class=\"elementor-spacer\">\n\t\t\t<div class=\"elementor-spacer-inner\"><\/div>\n\t\t<\/div>\n\t\t\t\t\t\t<\/div>\n\t\t\t\t<\/div>\n\t\t\t\t\t<\/div>\n\t\t<\/div>\n\t\t\t\t\t<\/div>\n\t\t<\/section>\n\t\t\t\t<section class=\"elementor-section elementor-top-section elementor-element elementor-element-2bdcc89 elementor-section-boxed elementor-section-height-default elementor-section-height-default\" data-id=\"2bdcc89\" data-element_type=\"section\">\n\t\t\t\t\t\t<div class=\"elementor-container elementor-column-gap-default\">\n\t\t\t\t\t<div class=\"elementor-column elementor-col-100 elementor-top-column elementor-element elementor-element-0b96d04\" data-id=\"0b96d04\" data-element_type=\"column\">\n\t\t\t<div class=\"elementor-widget-wrap elementor-element-populated\">\n\t\t\t\t\t\t<div class=\"elementor-element elementor-element-b7a7f0c elementor-hidden-mobile elementor-widget elementor-widget-heading\" data-id=\"b7a7f0c\" data-element_type=\"widget\" data-widget_type=\"heading.default\">\n\t\t\t\t<div class=\"elementor-widget-container\">\n\t\t\t\t\t<h2 class=\"elementor-heading-title elementor-size-xl\">L'humain derri\u00e8re l'artiste<\/h2>\t\t\t\t<\/div>\n\t\t\t\t<\/div>\n\t\t\t\t<div class=\"elementor-element elementor-element-095a2b9 elementor-hidden-desktop elementor-hidden-tablet elementor-widget elementor-widget-heading\" data-id=\"095a2b9\" data-element_type=\"widget\" data-widget_type=\"heading.default\">\n\t\t\t\t<div class=\"elementor-widget-container\">\n\t\t\t\t\t<h2 class=\"elementor-heading-title elementor-size-large\">L'humain derri\u00e8re <\/h2>\t\t\t\t<\/div>\n\t\t\t\t<\/div>\n\t\t\t\t<div class=\"elementor-element elementor-element-76da0c1 elementor-hidden-desktop elementor-hidden-tablet elementor-widget elementor-widget-spacer\" data-id=\"76da0c1\" data-element_type=\"widget\" data-widget_type=\"spacer.default\">\n\t\t\t\t<div class=\"elementor-widget-container\">\n\t\t\t\t\t\t\t<div class=\"elementor-spacer\">\n\t\t\t<div class=\"elementor-spacer-inner\"><\/div>\n\t\t<\/div>\n\t\t\t\t\t\t<\/div>\n\t\t\t\t<\/div>\n\t\t\t\t<div class=\"elementor-element elementor-element-4ac2ed6 elementor-hidden-desktop elementor-hidden-tablet elementor-widget elementor-widget-heading\" data-id=\"4ac2ed6\" data-element_type=\"widget\" data-widget_type=\"heading.default\">\n\t\t\t\t<div class=\"elementor-widget-container\">\n\t\t\t\t\t<h2 class=\"elementor-heading-title elementor-size-large\">l'artiste<\/h2>\t\t\t\t<\/div>\n\t\t\t\t<\/div>\n\t\t\t\t<div class=\"elementor-element elementor-element-667ade5 elementor-widget elementor-widget-spacer\" data-id=\"667ade5\" data-element_type=\"widget\" data-widget_type=\"spacer.default\">\n\t\t\t\t<div class=\"elementor-widget-container\">\n\t\t\t\t\t\t\t<div class=\"elementor-spacer\">\n\t\t\t<div class=\"elementor-spacer-inner\"><\/div>\n\t\t<\/div>\n\t\t\t\t\t\t<\/div>\n\t\t\t\t<\/div>\n\t\t\t\t\t<\/div>\n\t\t<\/div>\n\t\t\t\t\t<\/div>\n\t\t<\/section>\n\t\t\t\t<section class=\"elementor-section elementor-top-section elementor-element elementor-element-f136c5f elementor-section-boxed elementor-section-height-default elementor-section-height-default\" data-id=\"f136c5f\" data-element_type=\"section\">\n\t\t\t\t\t\t<div class=\"elementor-container elementor-column-gap-default\">\n\t\t\t\t\t<div class=\"elementor-column elementor-col-50 elementor-top-column elementor-element elementor-element-003ba09\" data-id=\"003ba09\" data-element_type=\"column\">\n\t\t\t<div class=\"elementor-widget-wrap elementor-element-populated\">\n\t\t\t\t\t\t<div class=\"elementor-element elementor-element-e807e35 elementor-widget elementor-widget-text-editor\" data-id=\"e807e35\" data-element_type=\"widget\" data-widget_type=\"text-editor.default\">\n\t\t\t\t<div class=\"elementor-widget-container\">\n\t\t\t\t\t\t\t\t\t<p>Mon plus grand r\u00eave consiste \u00e0 \u00eatre heureuse.<\/p><p>\u00a0<\/p><p>Plus que po\u00e9tique; c&rsquo;est la philosophie de vie vers laquelle je tends.<\/p><p>\u00a0<\/p><p>En fait, j&rsquo;ai obtenu mon dipl\u00f4me en techniques de travail social en 2017. Bien que cette formation enrichissante m&rsquo;a permis entre autres de cro\u00eetre personnellement puis de faire des rencontres inoubliables, j&rsquo;avais le sentiment de ne pas \u00eatre totalement \u00e0 ma place en milieu professionnel. D\u00e9j\u00e0, je ch\u00e9rissais au tr\u00e9fond de moi ce petit r\u00eave idyllique d&rsquo;un jour, pouvoir vivre de mon art.<\/p><p>\u00a0<\/p><p>Ainsi le temps passa. Je finis par laisser de c\u00f4t\u00e9 l&rsquo;intervention et enfilai mon tablier, oeuvrant alors en tant que commis dans une charmante boulangerie artisanale. Toutefois, sans surprise, l&rsquo;id\u00e9e de me consacrer \u00e0 mon art se nichait toujours en moi, tout en prenant de plus en plus de place dans mon esprit. Plus qu&rsquo;un r\u00eave, cela devenait un espoir, voire un projet qui se concr\u00e9tisait tout doucement.<\/p><p>\u00a0<\/p><p>Janvier 2021, que f\u00fbt notre joie d&rsquo;accueillir le fruit de notre union; mon \u00e9poux et moi-m\u00eame \u00e9tions combl\u00e9s de pouvoir enfin prendre dans nos bras notre parfait poupon. J&rsquo;ai alors profond\u00e9ment cogit\u00e9 sur le mode de vie de m\u00eame que les valeurs que je d\u00e9sire enraciner en lui. D\u00e9cid\u00e9ment, je veux apprendre \u00e0 mon fils \u00e0 se choisir, \u00e0 faire ce qui le rend heureux, peu importe cela soit-il: le meilleur moyen d&rsquo;y parvenir demeure de pr\u00eacher par l&rsquo;exemple en oeuvrant moi aussi \u00e0 combler mon besoin de r\u00e9alisation qui se faisait de plus en plus pr\u00e9sent. C&rsquo;est ainsi que la d\u00e9cision de prioriser le lien indescriptible qui nous unit, mon fils et moi, s&rsquo;est prise: j&rsquo;ai donc mis derri\u00e8re mon travail dit conventionnel afin de prioriser la vie familiale apaisante, \u00e0 l&rsquo;oppos\u00e9e de la routine m\u00e9tro boulot dodo qui me semblait satur\u00e9e de stress. J&rsquo;ai maintenant plus de temps pour nous, pour moi, pour peindre.<\/p><p>\u00a0<\/p><p>Voil\u00e0 comment j&rsquo;en suis arriv\u00e9e \u00e0 ent\u00e2mer doucement cette travers\u00e9e du d\u00e9sert en octobre 2021. Je n&rsquo;ai pas la moindre id\u00e9e d&rsquo;o\u00f9 cela me m\u00e8nera artistiquement; j&rsquo;oeuvre toutefois \u00e0 cultiver mon bonheur.<\/p><p>\u00a0<\/p><p>En souhaitant tout le bonheur du monde \u00e0 tout un chacun,<\/p><p>\u00a0<\/p><p>Cath \u2665<\/p>\t\t\t\t\t\t\t\t<\/div>\n\t\t\t\t<\/div>\n\t\t\t\t\t<\/div>\n\t\t<\/div>\n\t\t\t\t<div class=\"elementor-column elementor-col-50 elementor-top-column elementor-element elementor-element-e7c4c4c\" data-id=\"e7c4c4c\" data-element_type=\"column\">\n\t\t\t<div class=\"elementor-widget-wrap elementor-element-populated\">\n\t\t\t\t\t\t<div class=\"elementor-element elementor-element-f969119 elementor-widget elementor-widget-image\" data-id=\"f969119\" data-element_type=\"widget\" data-widget_type=\"image.default\">\n\t\t\t\t<div class=\"elementor-widget-container\">\n\t\t\t\t\t\t\t\t\t\t\t\t\t\t\t<img decoding=\"async\" width=\"683\" height=\"1024\" src=\"https:\/\/catherineartiste.com\/wp-content\/uploads\/2022\/09\/Cath-683x1024.jpg\" class=\"attachment-large size-large wp-image-556\" alt=\"Catherine Dumais artiste peintre\" srcset=\"https:\/\/catherineartiste.com\/wp-content\/uploads\/2022\/09\/Cath-683x1024.jpg 683w, https:\/\/catherineartiste.com\/wp-content\/uploads\/2022\/09\/Cath-200x300.jpg 200w, https:\/\/catherineartiste.com\/wp-content\/uploads\/2022\/09\/Cath-768x1152.jpg 768w, https:\/\/catherineartiste.com\/wp-content\/uploads\/2022\/09\/Cath-1024x1536.jpg 1024w, https:\/\/catherineartiste.com\/wp-content\/uploads\/2022\/09\/Cath-1365x2048.jpg 1365w, https:\/\/catherineartiste.com\/wp-content\/uploads\/2022\/09\/Cath-scaled.jpg 1707w\" sizes=\"(max-width: 683px) 100vw, 683px\" \/>\t\t\t\t\t\t\t\t\t\t\t\t\t\t\t<\/div>\n\t\t\t\t<\/div>\n\t\t\t\t<div class=\"elementor-element elementor-element-3fe5706 elementor-widget elementor-widget-spacer\" data-id=\"3fe5706\" data-element_type=\"widget\" data-widget_type=\"spacer.default\">\n\t\t\t\t<div class=\"elementor-widget-container\">\n\t\t\t\t\t\t\t<div class=\"elementor-spacer\">\n\t\t\t<div class=\"elementor-spacer-inner\"><\/div>\n\t\t<\/div>\n\t\t\t\t\t\t<\/div>\n\t\t\t\t<\/div>\n\t\t\t\t<div class=\"elementor-element elementor-element-82a657e elementor-widget elementor-widget-image\" data-id=\"82a657e\" data-element_type=\"widget\" data-widget_type=\"image.default\">\n\t\t\t\t<div class=\"elementor-widget-container\">\n\t\t\t\t\t\t\t\t\t\t\t\t\t\t\t<img decoding=\"async\" width=\"819\" height=\"1024\" src=\"https:\/\/catherineartiste.com\/wp-content\/uploads\/2022\/09\/Catherine-artiste-peintre-et-sa-plus-belle-realisation-819x1024.jpg\" class=\"attachment-large size-large wp-image-558\" alt=\"Catherine Dumais artiste peintre\" srcset=\"https:\/\/catherineartiste.com\/wp-content\/uploads\/2022\/09\/Catherine-artiste-peintre-et-sa-plus-belle-realisation-819x1024.jpg 819w, https:\/\/catherineartiste.com\/wp-content\/uploads\/2022\/09\/Catherine-artiste-peintre-et-sa-plus-belle-realisation-240x300.jpg 240w, https:\/\/catherineartiste.com\/wp-content\/uploads\/2022\/09\/Catherine-artiste-peintre-et-sa-plus-belle-realisation-768x960.jpg 768w, https:\/\/catherineartiste.com\/wp-content\/uploads\/2022\/09\/Catherine-artiste-peintre-et-sa-plus-belle-realisation-1229x1536.jpg 1229w, https:\/\/catherineartiste.com\/wp-content\/uploads\/2022\/09\/Catherine-artiste-peintre-et-sa-plus-belle-realisation-1639x2048.jpg 1639w, https:\/\/catherineartiste.com\/wp-content\/uploads\/2022\/09\/Catherine-artiste-peintre-et-sa-plus-belle-realisation-scaled.jpg 2048w\" sizes=\"(max-width: 819px) 100vw, 819px\" \/>\t\t\t\t\t\t\t\t\t\t\t\t\t\t\t<\/div>\n\t\t\t\t<\/div>\n\t\t\t\t\t<\/div>\n\t\t<\/div>\n\t\t\t\t\t<\/div>\n\t\t<\/section>\n\t\t\t\t<\/div>\n\t\t","protected":false},"excerpt":{"rendered":"<p>\u00c0 Propos L&rsquo;artiste Catherine a vu le jour le 11 d\u00e9cembre 1996 au Saguenay, o\u00f9 elle r\u00e9side toujours. Appr\u00e9ciant les arts depuis toute petite, c&rsquo;est vers l&rsquo;\u00e2ge de 8 ans qu&rsquo;elle fait ses premiers pas vers la peinture acrylique, guid\u00e9e par la chaleureuse et talentueuse artiste Lise Pilote. Catherine a suivi des cours aupr\u00e8s d&rsquo;elle&hellip; <a href=\"https:\/\/catherineartiste.com\/index.php\/a-propos\/\" class=\"more-link\">Continue reading <span class=\"screen-reader-text\">\u00c0 Propos<\/span><\/a><\/p>\n","protected":false},"author":3,"featured_media":0,"parent":0,"menu_order":0,"comment_status":"closed","ping_status":"closed","template":"","meta":{"footnotes":""},"class_list":["post-305","page","type-page","status-publish","hentry","without-featured-image"],"aioseo_notices":[],"_links":{"self":[{"href":"https:\/\/catherineartiste.com\/index.php\/wp-json\/wp\/v2\/pages\/305","targetHints":{"allow":["GET"]}}],"collection":[{"href":"https:\/\/catherineartiste.com\/index.php\/wp-json\/wp\/v2\/pages"}],"about":[{"href":"https:\/\/catherineartiste.com\/index.php\/wp-json\/wp\/v2\/types\/page"}],"author":[{"embeddable":true,"href":"https:\/\/catherineartiste.com\/index.php\/wp-json\/wp\/v2\/users\/3"}],"replies":[{"embeddable":true,"href":"https:\/\/catherineartiste.com\/index.php\/wp-json\/wp\/v2\/comments?post=305"}],"version-history":[{"count":41,"href":"https:\/\/catherineartiste.com\/index.php\/wp-json\/wp\/v2\/pages\/305\/revisions"}],"predecessor-version":[{"id":652,"href":"https:\/\/catherineartiste.com\/index.php\/wp-json\/wp\/v2\/pages\/305\/revisions\/652"}],"wp:attachment":[{"href":"https:\/\/catherineartiste.com\/index.php\/wp-json\/wp\/v2\/media?parent=305"}],"curies":[{"name":"wp","href":"https:\/\/api.w.org\/{rel}","templated":true}]}}